{"id":23,"date":"2023-05-15T01:59:36","date_gmt":"2023-05-15T01:59:36","guid":{"rendered":"https:\/\/themeholy.com\/wordpress\/malen\/?page_id=23"},"modified":"2024-06-09T22:29:58","modified_gmt":"2024-06-09T19:29:58","slug":"services","status":"publish","type":"page","link":"http:\/\/www.falconmarin.com\/tr\/services\/","title":{"rendered":"Services"},"content":{"rendered":"<div data-elementor-type=\"wp-page\" data-elementor-id=\"23\" class=\"elementor elementor-23\">\n\t\t\t\t\t\t<section class=\"elementor-section elementor-top-section elementor-element elementor-element-51bb885 elementor-section-boxed elementor-section-height-default elementor-section-height-default\" data-id=\"51bb885\" data-element_type=\"section\" data-settings=\"{&quot;background_background&quot;:&quot;classic&quot;}\">\n\t\t\t\t\t\t<div class=\"elementor-container elementor-column-gap-no\">\n\t\t\t\t\t<div class=\"elementor-column elementor-col-100 elementor-top-column elementor-element elementor-element-129965a\" data-id=\"129965a\" data-element_type=\"column\" data-settings=\"{&quot;background_background&quot;:&quot;classic&quot;}\">\n\t\t\t<div class=\"elementor-widget-wrap elementor-element-populated\">\n\t\t\t\t\r\n\t\t<div class=\"elementor-element elementor-element-5c69143 elementor-widget__width-inherit elementor-widget elementor-widget-malensectiontitle\" data-id=\"5c69143\" data-element_type=\"widget\" data-widget_type=\"malensectiontitle.default\">\n\t\t\t\t<div class=\"elementor-widget-container\">\n\t\t\t\t\t<div class=\"title-area\">\r\n\t\t\t\r\n\t\t\t<h3 class=\"sub-title th-sub\">Hizmetlerimiz <span class=\"double-line\"><\/span><\/h3><h2 class=\"sec-title th-title\">Sundu\u011fumuz Hizmetler<\/h2>\t\t<\/div>\r\n\r\n\t\t\t<\/div>\n\t\t\t\t<\/div>\n\t\t\t\t<div class=\"elementor-element elementor-element-a51ab7d elementor-widget elementor-widget-malenservice\" data-id=\"a51ab7d\" data-element_type=\"widget\" data-widget_type=\"malenservice.default\">\n\t\t\t\t<div class=\"elementor-widget-container\">\n\t\t\t\r\n        \t\t\t<div class=\"row gy-4\">\r\n\t\t\t\t\t\t\t\t<div class=\"col-md-6 col-lg-4 col-xl-3\">\r\n\t\t\t\t\t<div class=\"service-item style2\">\r\n\t\t\t\t\t\t<div class=\"service-item_shape\">\r\n\t\t\t\t\t\t\t<img decoding=\"async\" src=\"https:\/\/themeholy.com\/wordpress\/malen\/wp-content\/uploads\/2023\/05\/service_shape_1.png\" alt=\"service_shape_1\"  \/>\t\t\t\t\t\t<\/div>\r\n\t\t\t\t\t\t<div class=\"service-item-content\">\r\n\t\t\t\t\t\t\t<div class=\"service-item_icon\">\r\n\t\t\t\t\t\t\t\t<img decoding=\"async\" src=\"\" alt=\"\"  \/>\t\t\t\t\t\t\t<\/div>\r\n\t\t\t\t\t\t\t<h3 class=\"service-item_title th-title\"><a href=\"\">Ar\u0131za Tespiti &amp; Yerinde Bak\u0131m<\/a><\/h3>\r\n\r\n\t\t\t\t\t\t\t<p class=\"service-item_text th-desc\"><\/p>\r\n\t\t\t\t\t\t\t<a href=\"\" class=\"half-line-btn th_btn\"><\/a>\r\n\t\t\t\t\t\t<\/div>\r\n\t\t\t\t\t<\/div>\r\n\t\t\t\t<\/div>\r\n\t\t\t\t\t\t\t\t<div class=\"col-md-6 col-lg-4 col-xl-3\">\r\n\t\t\t\t\t<div class=\"service-item style2\">\r\n\t\t\t\t\t\t<div class=\"service-item_shape\">\r\n\t\t\t\t\t\t\t<img decoding=\"async\" src=\"https:\/\/themeholy.com\/wordpress\/malen\/wp-content\/uploads\/2023\/05\/service_shape_1.png\" alt=\"service_shape_1\"  \/>\t\t\t\t\t\t<\/div>\r\n\t\t\t\t\t\t<div class=\"service-item-content\">\r\n\t\t\t\t\t\t\t<div class=\"service-item_icon\">\r\n\t\t\t\t\t\t\t\t<img decoding=\"async\" src=\"\" alt=\"\"  \/>\t\t\t\t\t\t\t<\/div>\r\n\t\t\t\t\t\t\t<h3 class=\"service-item_title th-title\"><a href=\"\">Motor De\u011fi\u015fimi &amp; Yeni Motor Montaj\u0131<\/a><\/h3>\r\n\r\n\t\t\t\t\t\t\t<p class=\"service-item_text th-desc\"><\/p>\r\n\t\t\t\t\t\t\t<a href=\"\" class=\"half-line-btn th_btn\"><\/a>\r\n\t\t\t\t\t\t<\/div>\r\n\t\t\t\t\t<\/div>\r\n\t\t\t\t<\/div>\r\n\t\t\t\t\t\t\t\t<div class=\"col-md-6 col-lg-4 col-xl-3\">\r\n\t\t\t\t\t<div class=\"service-item style2\">\r\n\t\t\t\t\t\t<div class=\"service-item_shape\">\r\n\t\t\t\t\t\t\t<img decoding=\"async\" src=\"https:\/\/themeholy.com\/wordpress\/malen\/wp-content\/uploads\/2023\/05\/service_shape_1.png\" alt=\"service_shape_1\"  \/>\t\t\t\t\t\t<\/div>\r\n\t\t\t\t\t\t<div class=\"service-item-content\">\r\n\t\t\t\t\t\t\t<div class=\"service-item_icon\">\r\n\t\t\t\t\t\t\t\t<img decoding=\"async\" src=\"\" alt=\"\"  \/>\t\t\t\t\t\t\t<\/div>\r\n\t\t\t\t\t\t\t<h3 class=\"service-item_title th-title\"><a href=\"\">K\u0131\u015fl\u0131k Motor Bak\u0131m\u0131<\/a><\/h3>\r\n\r\n\t\t\t\t\t\t\t<p class=\"service-item_text th-desc\"><\/p>\r\n\t\t\t\t\t\t\t<a href=\"\" class=\"half-line-btn th_btn\"><\/a>\r\n\t\t\t\t\t\t<\/div>\r\n\t\t\t\t\t<\/div>\r\n\t\t\t\t<\/div>\r\n\t\t\t\t\t\t\t\t<div class=\"col-md-6 col-lg-4 col-xl-3\">\r\n\t\t\t\t\t<div class=\"service-item style2\">\r\n\t\t\t\t\t\t<div class=\"service-item_shape\">\r\n\t\t\t\t\t\t\t<img decoding=\"async\" src=\"https:\/\/themeholy.com\/wordpress\/malen\/wp-content\/uploads\/2023\/05\/service_shape_1.png\" alt=\"service_shape_1\"  \/>\t\t\t\t\t\t<\/div>\r\n\t\t\t\t\t\t<div class=\"service-item-content\">\r\n\t\t\t\t\t\t\t<div class=\"service-item_icon\">\r\n\t\t\t\t\t\t\t\t<img decoding=\"async\" src=\"\" alt=\"\"  \/>\t\t\t\t\t\t\t<\/div>\r\n\t\t\t\t\t\t\t<h3 class=\"service-item_title th-title\"><a href=\"\">Motor Sat\u0131\u015f\u0131<\/a><\/h3>\r\n\r\n\t\t\t\t\t\t\t<p class=\"service-item_text th-desc\"><\/p>\r\n\t\t\t\t\t\t\t<a href=\"\" class=\"half-line-btn th_btn\"><\/a>\r\n\t\t\t\t\t\t<\/div>\r\n\t\t\t\t\t<\/div>\r\n\t\t\t\t<\/div>\r\n\t\t\t\t\t\t\t\t<div class=\"col-md-6 col-lg-4 col-xl-3\">\r\n\t\t\t\t\t<div class=\"service-item style2\">\r\n\t\t\t\t\t\t<div class=\"service-item_shape\">\r\n\t\t\t\t\t\t\t<img decoding=\"async\" src=\"https:\/\/themeholy.com\/wordpress\/malen\/wp-content\/uploads\/2023\/05\/service_shape_1.png\" alt=\"service_shape_1\"  \/>\t\t\t\t\t\t<\/div>\r\n\t\t\t\t\t\t<div class=\"service-item-content\">\r\n\t\t\t\t\t\t\t<div class=\"service-item_icon\">\r\n\t\t\t\t\t\t\t\t<img decoding=\"async\" src=\"\" alt=\"\"  \/>\t\t\t\t\t\t\t<\/div>\r\n\t\t\t\t\t\t\t<h3 class=\"service-item_title th-title\"><a href=\"\">Jenerat\u00f6r Altarnat\u00f6r Bak\u0131m\u0131<\/a><\/h3>\r\n\r\n\t\t\t\t\t\t\t<p class=\"service-item_text th-desc\"><\/p>\r\n\t\t\t\t\t\t\t<a href=\"\" class=\"half-line-btn th_btn\"><\/a>\r\n\t\t\t\t\t\t<\/div>\r\n\t\t\t\t\t<\/div>\r\n\t\t\t\t<\/div>\r\n\t\t\t\t\t\t\t\t<div class=\"col-md-6 col-lg-4 col-xl-3\">\r\n\t\t\t\t\t<div class=\"service-item style2\">\r\n\t\t\t\t\t\t<div class=\"service-item_shape\">\r\n\t\t\t\t\t\t\t<img decoding=\"async\" src=\"https:\/\/themeholy.com\/wordpress\/malen\/wp-content\/uploads\/2023\/05\/service_shape_1.png\" alt=\"service_shape_1\"  \/>\t\t\t\t\t\t<\/div>\r\n\t\t\t\t\t\t<div class=\"service-item-content\">\r\n\t\t\t\t\t\t\t<div class=\"service-item_icon\">\r\n\t\t\t\t\t\t\t\t<img decoding=\"async\" src=\"\" alt=\"\"  \/>\t\t\t\t\t\t\t<\/div>\r\n\t\t\t\t\t\t\t<h3 class=\"service-item_title th-title\"><a href=\"\">Jenerat\u00f6r Y\u00fck Testi<\/a><\/h3>\r\n\r\n\t\t\t\t\t\t\t<p class=\"service-item_text th-desc\"><\/p>\r\n\t\t\t\t\t\t\t<a href=\"\" class=\"half-line-btn th_btn\"><\/a>\r\n\t\t\t\t\t\t<\/div>\r\n\t\t\t\t\t<\/div>\r\n\t\t\t\t<\/div>\r\n\t\t\t\t\t\t\t\t<div class=\"col-md-6 col-lg-4 col-xl-3\">\r\n\t\t\t\t\t<div class=\"service-item style2\">\r\n\t\t\t\t\t\t<div class=\"service-item_shape\">\r\n\t\t\t\t\t\t\t<img decoding=\"async\" src=\"https:\/\/themeholy.com\/wordpress\/malen\/wp-content\/uploads\/2023\/05\/service_shape_1.png\" alt=\"service_shape_1\"  \/>\t\t\t\t\t\t<\/div>\r\n\t\t\t\t\t\t<div class=\"service-item-content\">\r\n\t\t\t\t\t\t\t<div class=\"service-item_icon\">\r\n\t\t\t\t\t\t\t\t<img decoding=\"async\" src=\"\" alt=\"\"  \/>\t\t\t\t\t\t\t<\/div>\r\n\t\t\t\t\t\t\t<h3 class=\"service-item_title th-title\"><a href=\"\">Periyodik Jenerat\u00f6r Bak\u0131m\u0131<\/a><\/h3>\r\n\r\n\t\t\t\t\t\t\t<p class=\"service-item_text th-desc\"><\/p>\r\n\t\t\t\t\t\t\t<a href=\"\" class=\"half-line-btn th_btn\"><\/a>\r\n\t\t\t\t\t\t<\/div>\r\n\t\t\t\t\t<\/div>\r\n\t\t\t\t<\/div>\r\n\t\t\t\t\t\t\t\t<div class=\"col-md-6 col-lg-4 col-xl-3\">\r\n\t\t\t\t\t<div class=\"service-item style2\">\r\n\t\t\t\t\t\t<div class=\"service-item_shape\">\r\n\t\t\t\t\t\t\t<img decoding=\"async\" src=\"https:\/\/themeholy.com\/wordpress\/malen\/wp-content\/uploads\/2023\/05\/service_shape_1.png\" alt=\"service_shape_1\"  \/>\t\t\t\t\t\t<\/div>\r\n\t\t\t\t\t\t<div class=\"service-item-content\">\r\n\t\t\t\t\t\t\t<div class=\"service-item_icon\">\r\n\t\t\t\t\t\t\t\t<img decoding=\"async\" src=\"\" alt=\"\"  \/>\t\t\t\t\t\t\t<\/div>\r\n\t\t\t\t\t\t\t<h3 class=\"service-item_title th-title\"><a href=\"\">Yat Ticareti Ekspertiz \u0130\u015flemleri<\/a><\/h3>\r\n\r\n\t\t\t\t\t\t\t<p class=\"service-item_text th-desc\"><\/p>\r\n\t\t\t\t\t\t\t<a href=\"\" class=\"half-line-btn th_btn\"><\/a>\r\n\t\t\t\t\t\t<\/div>\r\n\t\t\t\t\t<\/div>\r\n\t\t\t\t<\/div>\r\n\t\t\t\t\t\t\t<\/div>\r\n\r\n    \t\t\t<\/div>\n\t\t\t\t<\/div>\n\t\t\t\t\t<\/div>\n\t\t<\/div>\n\t\t\t\t\t<\/div>\n\t\t<\/section>\n\t\t\t\t<section class=\"elementor-section elementor-top-section elementor-element elementor-element-7449c85 elementor-section-boxed elementor-section-height-default elementor-section-height-default\" data-id=\"7449c85\" data-element_type=\"section\" data-settings=\"{&quot;background_background&quot;:&quot;classic&quot;}\">\n\t\t\t\t\t\t<div class=\"elementor-container elementor-column-gap-no\">\n\t\t\t\t\t<div class=\"elementor-column elementor-col-100 elementor-top-column elementor-element elementor-element-56c07e5\" data-id=\"56c07e5\" data-element_type=\"column\">\n\t\t\t<div class=\"elementor-widget-wrap elementor-element-populated\">\n\t\t\t\t\t\t<section class=\"elementor-section elementor-inner-section elementor-element elementor-element-2aa2f61 elementor-section-full_width elementor-section-height-default elementor-section-height-default\" data-id=\"2aa2f61\" data-element_type=\"section\">\n\t\t\t\t\t\t<div class=\"elementor-container elementor-column-gap-no\">\n\t\t\t\t\t<div class=\"elementor-column elementor-col-50 elementor-inner-column elementor-element elementor-element-97fc5fd\" data-id=\"97fc5fd\" data-element_type=\"column\">\n\t\t\t<div class=\"elementor-widget-wrap elementor-element-populated\">\n\t\t\t\t\t\t<div class=\"elementor-element elementor-element-29acd72 elementor-widget elementor-widget-malencontactform\" data-id=\"29acd72\" data-element_type=\"widget\" data-widget_type=\"malencontactform.default\">\n\t\t\t\t<div class=\"elementor-widget-container\">\n\t\t\t\t\t\t\t\t<div class=\"team-form ajax-contact th-bg\">\r\n\t\t\t\t\t\t\t\t\t<h4 class=\"text-center mb-30 th-title\">Randevu Rezervasyonu<\/h4>\r\n\t\t\t\t\r\n\t\t\t\t\n<div class=\"wpcf7 no-js\" id=\"wpcf7-f8-o1\" lang=\"tr-TR\" dir=\"ltr\">\n<div class=\"screen-reader-response\"><p role=\"status\" aria-live=\"polite\" aria-atomic=\"true\"><\/p> <ul><\/ul><\/div>\n<form action=\"\/tr\/wp-json\/wp\/v2\/pages\/23#wpcf7-f8-o1\" method=\"post\" class=\"wpcf7-form init\" aria-label=\"\u0130leti\u015fim Formu\" novalidate=\"novalidate\" data-status=\"init\" data-trp-original-action=\"\/tr\/wp-json\/wp\/v2\/pages\/23#wpcf7-f8-o1\">\n<div style=\"display: none;\">\n<input type=\"hidden\" name=\"_wpcf7\" value=\"8\" \/>\n<input type=\"hidden\" name=\"_wpcf7_version\" value=\"5.9.5\" \/>\n<input type=\"hidden\" name=\"_wpcf7_locale\" value=\"tr_TR\" \/>\n<input type=\"hidden\" name=\"_wpcf7_unit_tag\" value=\"wpcf7-f8-o1\" \/>\n<input type=\"hidden\" name=\"_wpcf7_container_post\" value=\"0\" \/>\n<input type=\"hidden\" name=\"_wpcf7_posted_data_hash\" value=\"\" \/>\n<\/div>\n<label> Ad\u0131n\u0131z\n    <span class=\"wpcf7-form-control-wrap\" data-name=\"your-name\"><input size=\"40\" class=\"wpcf7-form-control wpcf7-text wpcf7-validates-as-required\" autocomplete=\"name\" aria-required=\"true\" aria-invalid=\"false\" value=\"\" type=\"text\" name=\"your-name\" \/><\/span> <\/label>\n\n<label> email adresiniz\n    <span class=\"wpcf7-form-control-wrap\" data-name=\"your-email\"><input size=\"40\" class=\"wpcf7-form-control wpcf7-email wpcf7-validates-as-required wpcf7-text wpcf7-validates-as-email\" autocomplete=\"email\" aria-required=\"true\" aria-invalid=\"false\" value=\"\" type=\"email\" name=\"your-email\" \/><\/span> <\/label>\n\n<label> Konu\n    <span class=\"wpcf7-form-control-wrap\" data-name=\"your-subject\"><input size=\"40\" class=\"wpcf7-form-control wpcf7-text wpcf7-validates-as-required\" aria-required=\"true\" aria-invalid=\"false\" value=\"\" type=\"text\" name=\"your-subject\" \/><\/span> <\/label>\n\n<label> Mesaj\u0131n\u0131z (Opsiyonel)\n    <span class=\"wpcf7-form-control-wrap\" data-name=\"your-message\"><textarea cols=\"40\" rows=\"10\" class=\"wpcf7-form-control wpcf7-textarea\" aria-invalid=\"false\" name=\"your-message\"><\/textarea><\/span> <\/label>\n\n<input class=\"wpcf7-form-control wpcf7-submit has-spinner\" type=\"submit\" value=\"G\u00f6nder\" \/><div class=\"wpcf7-response-output\" aria-hidden=\"true\"><\/div>\n<input type=\"hidden\" name=\"trp-form-language\" value=\"tr\"\/><\/form>\n<\/div>\n\r\n            <\/div>\r\n\r\n\t\t\t\t<\/div>\n\t\t\t\t<\/div>\n\t\t\t\t\t<\/div>\n\t\t<\/div>\n\t\t\t\t<div class=\"elementor-column elementor-col-50 elementor-inner-column elementor-element elementor-element-5adef3c\" data-id=\"5adef3c\" data-element_type=\"column\">\n\t\t\t<div class=\"elementor-widget-wrap elementor-element-populated\">\n\t\t\t\t\t\t<div class=\"elementor-element elementor-element-3886549 elementor-widget__width-inherit elementor-widget elementor-widget-malensectiontitle\" data-id=\"3886549\" data-element_type=\"widget\" data-widget_type=\"malensectiontitle.default\">\n\t\t\t\t<div class=\"elementor-widget-container\">\n\t\t\t\t\t<div class=\"title-area\">\r\n\t\t\t\r\n\t\t\t<span class=\"sub-title th-sub\">Neden Bizi Se\u00e7melisiniz.<\/span><h2 class=\"sec-title th-title\">Uzman Yat onar\u0131m hizmetlerimizle arac\u0131n\u0131z\u0131 tekrar \u00e7al\u0131\u015f\u0131r hale getirin<\/h2>\t\t<\/div>\r\n\r\n\t\t\t<\/div>\n\t\t\t\t<\/div>\n\t\t\t\t<div class=\"elementor-element elementor-element-60116e0 elementor-widget elementor-widget-malenfeatures\" data-id=\"60116e0\" data-element_type=\"widget\" data-widget_type=\"malenfeatures.default\">\n\t\t\t\t<div class=\"elementor-widget-container\">\n\t\t\t\r\n                    <div class=\"feature-wrap style2\">\r\n                                <div class=\"feature-item-content th-wrap\">\r\n                    <div class=\"feature-item_shape\">\r\n                        <img decoding=\"async\" src=\"https:\/\/themeholy.com\/wordpress\/malen\/wp-content\/uploads\/2023\/05\/feature_shape.png\" alt=\"feature_shape\"  \/>                    <\/div>\r\n                    <div class=\"feature-item_icon\">\r\n                        <img decoding=\"async\" src=\"https:\/\/themeholy.com\/wordpress\/malen\/wp-content\/uploads\/2023\/05\/technician.svg\" alt=\"technician\"  \/>                    <\/div>\r\n                    <div class=\"media-body\">\r\n                        <h3 class=\"feature-item_title th-title\">Kaliteli par\u00e7alar &amp; Ekipmanlar<\/h3>\r\n                        <p class=\"feature-item_text th-desc\"><\/p>\r\n                    <\/div>\r\n                <\/div>\r\n                                <div class=\"feature-item-content th-wrap\">\r\n                    <div class=\"feature-item_shape\">\r\n                        <img decoding=\"async\" src=\"https:\/\/themeholy.com\/wordpress\/malen\/wp-content\/uploads\/2023\/05\/feature_shape.png\" alt=\"feature_shape\"  \/>                    <\/div>\r\n                    <div class=\"feature-item_icon\">\r\n                        <img decoding=\"async\" src=\"https:\/\/themeholy.com\/wordpress\/malen\/wp-content\/uploads\/2023\/05\/mechanic.svg\" alt=\"mechanic\"  \/>                    <\/div>\r\n                    <div class=\"media-body\">\r\n                        <h3 class=\"feature-item_title th-title\">Uzman M\u00fchendisler<\/h3>\r\n                        <p class=\"feature-item_text th-desc\"><\/p>\r\n                    <\/div>\r\n                <\/div>\r\n                                <div class=\"feature-item-content th-wrap\">\r\n                    <div class=\"feature-item_shape\">\r\n                        <img decoding=\"async\" src=\"https:\/\/themeholy.com\/wordpress\/malen\/wp-content\/uploads\/2023\/05\/feature_shape.png\" alt=\"feature_shape\"  \/>                    <\/div>\r\n                    <div class=\"feature-item_icon\">\r\n                        <img decoding=\"async\" src=\"https:\/\/themeholy.com\/wordpress\/malen\/wp-content\/uploads\/2023\/05\/pistons.svg\" alt=\"pistons\"  \/>                    <\/div>\r\n                    <div class=\"media-body\">\r\n                        <h3 class=\"feature-item_title th-title\">7\/24 G\u00fclery\u00fczl\u00fc Hizmet<\/h3>\r\n                        <p class=\"feature-item_text th-desc\"><\/p>\r\n                    <\/div>\r\n                <\/div>\r\n                            <\/div>\r\n\t\t\r\n      \t\t<\/div>\n\t\t\t\t<\/div>\n\t\t\t\t\t<\/div>\n\t\t<\/div>\n\t\t\t\t\t<\/div>\n\t\t<\/section>\n\t\t\t\t\t<\/div>\n\t\t<\/div>\n\t\t\t\t\t<\/div>\n\t\t<\/section>\n\t\t\t\t<section class=\"elementor-section elementor-top-section elementor-element elementor-element-d650f1f elementor-section-boxed elementor-section-height-default elementor-section-height-default\" data-id=\"d650f1f\" data-element_type=\"section\">\n\t\t\t\t\t\t<div class=\"elementor-container elementor-column-gap-no\">\n\t\t\t\t\t<div class=\"elementor-column elementor-col-100 elementor-top-column elementor-element elementor-element-e061b7a\" data-id=\"e061b7a\" data-element_type=\"column\">\n\t\t\t<div class=\"elementor-widget-wrap elementor-element-populated\">\n\t\t\t\t\t\t<div class=\"elementor-element elementor-element-92c41aa elementor-widget elementor-widget-malenbrandlogo\" data-id=\"92c41aa\" data-element_type=\"widget\" data-widget_type=\"malenbrandlogo.default\">\n\t\t\t\t<div class=\"elementor-widget-container\">\n\t\t\t\t    \r\n\t    \t\t\t\t\t\t<div class=\"title-area text-center\">\r\n                <span class=\"brand-title th-title\">\u0130\u015f Ortaklar\u0131m\u0131z &amp; Desteklerimiz<\/span>\r\n            <\/div>\r\n\t\t\t\t\t\t<div class=\"row th-carousel\" id=\"brandSlide1\" data-slide-show=\"5\" data-lg-slide-show=\"4\" data-md-slide-show=\"3\" data-sm-slide-show=\"3\" data-xs-slide-show=\"2\">\r\n\t\t\t\t                <div class=\"col-auto\">\r\n                    <div class=\"brand-box\">\r\n\t\t\t\t\t\t<img decoding=\"async\" src=\"http:\/\/www.falconmarin.com\/wp-content\/uploads\/2024\/06\/brand-e1717365739889.gif\" alt=\"brand e1717365739889\"  \/>                    <\/div>\r\n                <\/div>\r\n\t\t\t\t                <div class=\"col-auto\">\r\n                    <div class=\"brand-box\">\r\n\t\t\t\t\t\t<img decoding=\"async\" src=\"http:\/\/www.falconmarin.com\/wp-content\/uploads\/2024\/06\/Yanmar-logo-30323fwfj16ph2vnxyp5vk.webp\" alt=\"Yanmar logo 30323fwfj16ph2vnxyp5vk\"  \/>                    <\/div>\r\n                <\/div>\r\n\t\t\t\t                <div class=\"col-auto\">\r\n                    <div class=\"brand-box\">\r\n\t\t\t\t\t\t<img decoding=\"async\" src=\"http:\/\/www.falconmarin.com\/wp-content\/uploads\/2024\/06\/WhatsApp-Gorsel-2023-10-24-saat-22.08.19_41d0932f-e1717365926201.jpg\" alt=\"WhatsApp Gorsel 2023 10 24 saat 22.08.19_41d0932f e1717365926201\"  \/>                    <\/div>\r\n                <\/div>\r\n\t\t\t\t                <div class=\"col-auto\">\r\n                    <div class=\"brand-box\">\r\n\t\t\t\t\t\t<img decoding=\"async\" src=\"http:\/\/www.falconmarin.com\/wp-content\/uploads\/2024\/06\/WhatsApp-Gorsel-2023-10-24-saat-22.08.19_9a70eb4c.jpg\" alt=\"WhatsApp Gorsel 2023 10 24 saat 22.08.19_9a70eb4c\"  \/>                    <\/div>\r\n                <\/div>\r\n\t\t\t\t            <\/div>\r\n\r\n    \t\t<\/div>\n\t\t\t\t<\/div>\n\t\t\t\t\t<\/div>\n\t\t<\/div>\n\t\t\t\t\t<\/div>\n\t\t<\/section>\n\t\t\t\t<\/div>","protected":false},"excerpt":{"rendered":"<p>Our Services What services we\u2019re offering Fault Detection &amp; On-site Maintenance Engine Replacement &amp; New Engine Installation Winter Engine Maintenance Engine Sales Generator Altarnator Maintenance Generator Load Test Periodic Generator Maintenance Yacht Trade Expertise Procedures Booking Appointment Your name Your email Subject Your message (optional) Why Choose Us Get your ride back on track with&#8230;<\/p>","protected":false},"author":1,"featured_media":0,"parent":0,"menu_order":0,"comment_status":"closed","ping_status":"closed","template":"template-builder.php","meta":{"footnotes":""},"class_list":["post-23","page","type-page","status-publish","hentry"],"_links":{"self":[{"href":"http:\/\/www.falconmarin.com\/tr\/wp-json\/wp\/v2\/pages\/23","targetHints":{"allow":["GET"]}}],"collection":[{"href":"http:\/\/www.falconmarin.com\/tr\/wp-json\/wp\/v2\/pages"}],"about":[{"href":"http:\/\/www.falconmarin.com\/tr\/wp-json\/wp\/v2\/types\/page"}],"author":[{"embeddable":true,"href":"http:\/\/www.falconmarin.com\/tr\/wp-json\/wp\/v2\/users\/1"}],"replies":[{"embeddable":true,"href":"http:\/\/www.falconmarin.com\/tr\/wp-json\/wp\/v2\/comments?post=23"}],"version-history":[{"count":7,"href":"http:\/\/www.falconmarin.com\/tr\/wp-json\/wp\/v2\/pages\/23\/revisions"}],"predecessor-version":[{"id":1757,"href":"http:\/\/www.falconmarin.com\/tr\/wp-json\/wp\/v2\/pages\/23\/revisions\/1757"}],"wp:attachment":[{"href":"http:\/\/www.falconmarin.com\/tr\/wp-json\/wp\/v2\/media?parent=23"}],"curies":[{"name":"wp","href":"https:\/\/api.w.org\/{rel}","templated":true}]}}