{"id":29,"date":"2023-05-15T02:01:00","date_gmt":"2023-05-15T02:01:00","guid":{"rendered":"https:\/\/themeholy.com\/wordpress\/malen\/?page_id=29"},"modified":"2024-06-08T18:51:40","modified_gmt":"2024-06-08T15:51:40","slug":"about","status":"publish","type":"page","link":"http:\/\/www.falconmarin.com\/tr\/about\/","title":{"rendered":"Hakk\u0131m\u0131zda"},"content":{"rendered":"<div data-elementor-type=\"wp-page\" data-elementor-id=\"29\" class=\"elementor elementor-29\">\n\t\t\t\t\t\t<section class=\"elementor-section elementor-top-section elementor-element elementor-element-19e8c4c elementor-section-full_width elementor-section-height-default elementor-section-height-default\" data-id=\"19e8c4c\" data-element_type=\"section\" data-settings=\"{&quot;background_background&quot;:&quot;classic&quot;}\">\n\t\t\t\t\t\t<div class=\"elementor-container elementor-column-gap-no\">\n\t\t\t\t\t<div class=\"elementor-column elementor-col-100 elementor-top-column elementor-element elementor-element-e472ac4\" data-id=\"e472ac4\" data-element_type=\"column\">\n\t\t\t<div class=\"elementor-widget-wrap elementor-element-populated\">\n\t\t\t\t\t\t<section class=\"elementor-section elementor-inner-section elementor-element elementor-element-780ed30 elementor-section-boxed elementor-section-height-default elementor-section-height-default\" data-id=\"780ed30\" data-element_type=\"section\">\n\t\t\t\t\t\t<div class=\"elementor-container elementor-column-gap-no\">\n\t\t\t\t\t<div class=\"elementor-column elementor-col-50 elementor-inner-column elementor-element elementor-element-34864b5\" data-id=\"34864b5\" data-element_type=\"column\">\n\t\t\t<div class=\"elementor-widget-wrap elementor-element-populated\">\n\t\t\t\t\r\n\t\t<div class=\"elementor-element elementor-element-20310cd elementor-widget elementor-widget-malenimage\" data-id=\"20310cd\" data-element_type=\"widget\" data-widget_type=\"malenimage.default\">\n\t\t\t\t<div class=\"elementor-widget-container\">\n\t\t\t\r\n\t\t\t\t\t<div class=\"img-box3\">\r\n\t\t\t\t<div class=\"img2\">\r\n\t\t\t\t\t<img decoding=\"async\" src=\"http:\/\/www.falconmarin.com\/wp-content\/uploads\/2024\/06\/1713531533630-scaled.jpg\" alt=\"1713531533630 scaled\"  class=\"tilt-active\" \/>\t\t\t\t<\/div>\r\n\t\t\t\t<div class=\"img3 movingX\">\r\n\t\t\t\t\t<img decoding=\"async\" src=\"http:\/\/www.falconmarin.com\/wp-content\/uploads\/2024\/06\/1713531533641-e1717778375620.jpg\" alt=\"1713531533641 e1717778375620\"  class=\"tilt-active\" \/>\t\t\t\t<\/div>\r\n\t\t\t\t<div class=\"about-shape jump\">\r\n\t\t\t\t\t<img decoding=\"async\" src=\"https:\/\/themeholy.com\/wordpress\/malen\/wp-content\/uploads\/2023\/05\/about_dots.png\" alt=\"about_dots\"  \/>\t\t\t\t<\/div>\r\n\t\t\t<\/div>\r\n\r\n\t\t\t\t<\/div>\n\t\t\t\t<\/div>\n\t\t\t\t\t<\/div>\n\t\t<\/div>\n\t\t\t\t<div class=\"elementor-column elementor-col-50 elementor-inner-column elementor-element elementor-element-2cca127\" data-id=\"2cca127\" data-element_type=\"column\">\n\t\t\t<div class=\"elementor-widget-wrap elementor-element-populated\">\n\t\t\t\t\t\t<div class=\"elementor-element elementor-element-120a803 elementor-widget elementor-widget-malensectiontitle\" data-id=\"120a803\" data-element_type=\"widget\" data-widget_type=\"malensectiontitle.default\">\n\t\t\t\t<div class=\"elementor-widget-container\">\n\t\t\t\t\t<div class=\"title-area\">\r\n\t\t\t\r\n\t\t\t<span class=\"sub-title th-sub\">Hakk\u0131m\u0131zda<\/span><h2 class=\"sec-title th-title\">\u00dcst\u00fcn Yat Onar\u0131m\u0131n\u0131 bizimle deneyimleyin<\/h2><p class=\"th-desc\">Kaliteli onar\u0131mlar, Her seferinde g\u00fcvenebilece\u011finiz yat\u0131n\u0131z i\u00e7in do\u011fru, verimli ve g\u00fcvenli  tamir ve bak\u0131m hizmetleri anlam\u0131na gelir<\/p>\t\t<\/div>\r\n\r\n\t\t\t<\/div>\n\t\t\t\t<\/div>\n\t\t\t\t\t<\/div>\n\t\t<\/div>\n\t\t\t\t\t<\/div>\n\t\t<\/section>\n\t\t\t\t\t<\/div>\n\t\t<\/div>\n\t\t\t\t\t<\/div>\n\t\t<\/section>\n\t\t\t\t<section class=\"elementor-section elementor-top-section elementor-element elementor-element-87ba325 elementor-section-boxed elementor-section-height-default elementor-section-height-default\" data-id=\"87ba325\" data-element_type=\"section\">\n\t\t\t\t\t\t<div class=\"elementor-container elementor-column-gap-no\">\n\t\t\t\t\t<div class=\"elementor-column elementor-col-100 elementor-top-column elementor-element elementor-element-cfce1f8\" data-id=\"cfce1f8\" data-element_type=\"column\">\n\t\t\t<div class=\"elementor-widget-wrap elementor-element-populated\">\n\t\t\t\t\t\t<div class=\"elementor-element elementor-element-be08ffe elementor-widget elementor-widget-malenbrandlogo\" data-id=\"be08ffe\" data-element_type=\"widget\" data-widget_type=\"malenbrandlogo.default\">\n\t\t\t\t<div class=\"elementor-widget-container\">\n\t\t\t\t    \r\n\t    \t\t\t\t\t\t<div class=\"title-area text-center\">\r\n                <span class=\"brand-title th-title\">\u0130\u015f Ortaklar\u0131m\u0131z &amp; Desteklerimiz<\/span>\r\n            <\/div>\r\n\t\t\t\t\t\t<div class=\"row th-carousel\" id=\"brandSlide1\" data-slide-show=\"5\" data-lg-slide-show=\"4\" data-md-slide-show=\"3\" data-sm-slide-show=\"3\" data-xs-slide-show=\"2\">\r\n\t\t\t\t                <div class=\"col-auto\">\r\n                    <div class=\"brand-box\">\r\n\t\t\t\t\t\t<img decoding=\"async\" src=\"https:\/\/themeholy.com\/wordpress\/malen\/wp-content\/uploads\/2023\/05\/brand_1_1.png\" alt=\"brand_1_1\"  \/>                    <\/div>\r\n                <\/div>\r\n\t\t\t\t                <div class=\"col-auto\">\r\n                    <div class=\"brand-box\">\r\n\t\t\t\t\t\t<img decoding=\"async\" src=\"https:\/\/themeholy.com\/wordpress\/malen\/wp-content\/uploads\/2023\/05\/brand_1_2.png\" alt=\"brand_1_2\"  \/>                    <\/div>\r\n                <\/div>\r\n\t\t\t\t                <div class=\"col-auto\">\r\n                    <div class=\"brand-box\">\r\n\t\t\t\t\t\t<img decoding=\"async\" src=\"https:\/\/themeholy.com\/wordpress\/malen\/wp-content\/uploads\/2023\/05\/brand_1_3.png\" alt=\"brand_1_3\"  \/>                    <\/div>\r\n                <\/div>\r\n\t\t\t\t                <div class=\"col-auto\">\r\n                    <div class=\"brand-box\">\r\n\t\t\t\t\t\t<img decoding=\"async\" src=\"https:\/\/themeholy.com\/wordpress\/malen\/wp-content\/uploads\/2023\/05\/brand_1_4.png\" alt=\"brand_1_4\"  \/>                    <\/div>\r\n                <\/div>\r\n\t\t\t\t                <div class=\"col-auto\">\r\n                    <div class=\"brand-box\">\r\n\t\t\t\t\t\t<img decoding=\"async\" src=\"https:\/\/themeholy.com\/wordpress\/malen\/wp-content\/uploads\/2023\/05\/brand_1_5.png\" alt=\"brand_1_5\"  \/>                    <\/div>\r\n                <\/div>\r\n\t\t\t\t                <div class=\"col-auto\">\r\n                    <div class=\"brand-box\">\r\n\t\t\t\t\t\t<img decoding=\"async\" src=\"https:\/\/themeholy.com\/wordpress\/malen\/wp-content\/uploads\/2023\/05\/brand_1_6.png\" alt=\"brand_1_6\"  \/>                    <\/div>\r\n                <\/div>\r\n\t\t\t\t            <\/div>\r\n\r\n    \t\t<\/div>\n\t\t\t\t<\/div>\n\t\t\t\t\t<\/div>\n\t\t<\/div>\n\t\t\t\t\t<\/div>\n\t\t<\/section>\n\t\t\t\t<section class=\"elementor-section elementor-top-section elementor-element elementor-element-e6098ac elementor-section-boxed elementor-section-height-default elementor-section-height-default\" data-id=\"e6098ac\" data-element_type=\"section\" data-settings=\"{&quot;background_background&quot;:&quot;classic&quot;}\">\n\t\t\t\t\t\t\t<div class=\"elementor-background-overlay\"><\/div>\n\t\t\t\t\t\t\t<div class=\"elementor-container elementor-column-gap-no\">\n\t\t\t\t\t<div class=\"elementor-column elementor-col-100 elementor-top-column elementor-element elementor-element-2a8e683\" data-id=\"2a8e683\" data-element_type=\"column\">\n\t\t\t<div class=\"elementor-widget-wrap elementor-element-populated\">\n\t\t\t\t\t\t<section class=\"elementor-section elementor-inner-section elementor-element elementor-element-4f37eb6 elementor-section-boxed elementor-section-height-default elementor-section-height-default\" data-id=\"4f37eb6\" data-element_type=\"section\">\n\t\t\t\t\t\t<div class=\"elementor-container elementor-column-gap-no\">\n\t\t\t\t\t<div class=\"elementor-column elementor-col-100 elementor-inner-column elementor-element elementor-element-e063230\" data-id=\"e063230\" data-element_type=\"column\">\n\t\t\t<div class=\"elementor-widget-wrap elementor-element-populated\">\n\t\t\t\t\t\t<div class=\"elementor-element elementor-element-ca56ff6 elementor-widget elementor-widget-malensectiontitle\" data-id=\"ca56ff6\" data-element_type=\"widget\" data-widget_type=\"malensectiontitle.default\">\n\t\t\t\t<div class=\"elementor-widget-container\">\n\t\t\t\t\t<div class=\"title-area\">\r\n\t\t\t\r\n\t\t\t<span class=\"sub-title th-sub\">Profesyonel Onar\u0131m Yapt\u0131r\u0131n  <span class=\"double-line\"><\/span><\/span><h2 class=\"sec-title th-title\">Uzman onar\u0131mlar\u0131m\u0131zla yat\u0131n\u0131z\u0131 yeni gibi \u00e7al\u0131\u015f\u0131r hale getirin<\/h2>\t\t<\/div>\r\n\r\n\t\t\t<\/div>\n\t\t\t\t<\/div>\n\t\t\t\t<div class=\"elementor-element elementor-element-2b0da77 elementor-widget elementor-widget-malenbutton\" data-id=\"2b0da77\" data-element_type=\"widget\" data-widget_type=\"malenbutton.default\">\n\t\t\t\t<div class=\"elementor-widget-container\">\n\t\t\t<div class=\"btn-group btn-wrapper\"><a class=\"th-btn th_btn\" href=\"https:\/\/themeholy.com\/wordpress\/malen\/contact\/\">Bize Ula\u015f\u0131n<i class=\"fa-solid fa-arrow-right\"><\/i><\/a><\/div>\t\t<\/div>\n\t\t\t\t<\/div>\n\t\t\t\t\t<\/div>\n\t\t<\/div>\n\t\t\t\t\t<\/div>\n\t\t<\/section>\n\t\t\t\t\t<\/div>\n\t\t<\/div>\n\t\t\t\t\t<\/div>\n\t\t<\/section>\n\t\t\t\t<\/div>","protected":false},"excerpt":{"rendered":"<p>About Us Experience superior yacht Repair with us Quality repairs that you can trust every time means that you can rely on the repair services to fix your vehicle correctly, Efficiently, and safely. When you take your yacht. Our Partners &amp; Supports Get Professional Repair Get your yacht running like new again With our expert&#8230;<\/p>","protected":false},"author":1,"featured_media":0,"parent":0,"menu_order":0,"comment_status":"closed","ping_status":"closed","template":"template-builder.php","meta":{"footnotes":""},"class_list":["post-29","page","type-page","status-publish","hentry"],"_links":{"self":[{"href":"http:\/\/www.falconmarin.com\/tr\/wp-json\/wp\/v2\/pages\/29","targetHints":{"allow":["GET"]}}],"collection":[{"href":"http:\/\/www.falconmarin.com\/tr\/wp-json\/wp\/v2\/pages"}],"about":[{"href":"http:\/\/www.falconmarin.com\/tr\/wp-json\/wp\/v2\/types\/page"}],"author":[{"embeddable":true,"href":"http:\/\/www.falconmarin.com\/tr\/wp-json\/wp\/v2\/users\/1"}],"replies":[{"embeddable":true,"href":"http:\/\/www.falconmarin.com\/tr\/wp-json\/wp\/v2\/comments?post=29"}],"version-history":[{"count":10,"href":"http:\/\/www.falconmarin.com\/tr\/wp-json\/wp\/v2\/pages\/29\/revisions"}],"predecessor-version":[{"id":1742,"href":"http:\/\/www.falconmarin.com\/tr\/wp-json\/wp\/v2\/pages\/29\/revisions\/1742"}],"wp:attachment":[{"href":"http:\/\/www.falconmarin.com\/tr\/wp-json\/wp\/v2\/media?parent=29"}],"curies":[{"name":"wp","href":"https:\/\/api.w.org\/{rel}","templated":true}]}}